{"id":828,"date":"2025-08-14T08:20:42","date_gmt":"2025-08-14T08:20:42","guid":{"rendered":"https:\/\/port-la-nouvelle.joinup.be\/?page_id=828"},"modified":"2026-02-27T12:24:00","modified_gmt":"2026-02-27T12:24:00","slug":"mentions-legales","status":"publish","type":"page","link":"https:\/\/www.port-la-nouvelle.com\/eng\/mentions-legales\/","title":{"rendered":"Mentions L\u00e9gales"},"content":{"rendered":"<div data-elementor-type=\"wp-page\" data-elementor-id=\"828\" class=\"elementor elementor-828\" data-elementor-post-type=\"page\">\n\t\t\t\t<div class=\"elementor-element elementor-element-27fccb2 e-flex e-con-boxed e-con e-parent\" data-id=\"27fccb2\" data-element_type=\"container\" data-e-type=\"container\">\n\t\t\t\t\t<div class=\"e-con-inner\">\n\t\t<div class=\"elementor-element elementor-element-3cd0338 e-con-full e-flex e-con e-child\" data-id=\"3cd0338\" data-element_type=\"container\" data-e-type=\"container\">\n\t\t\t\t<div class=\"elementor-element elementor-element-fe6cd5e elementor-widget__width-initial elementor-widget elementor-widget-heading\" data-id=\"fe6cd5e\" data-element_type=\"widget\" data-e-type=\"widget\" data-widget_type=\"heading.default\">\n\t\t\t\t\t<h1 class=\"elementor-heading-title elementor-size-default\">Mentions L\u00e9gales<\/h1>\t\t\t\t<\/div>\n\t\t\t\t<\/div>\n\t\t<div class=\"elementor-element elementor-element-f3f8c17 e-con-full e-flex e-con e-child\" data-id=\"f3f8c17\" data-element_type=\"container\" data-e-type=\"container\">\n\t\t\t\t<div class=\"elementor-element elementor-element-267afdf elementor-widget elementor-widget-text-editor\" data-id=\"267afdf\" data-element_type=\"widget\" data-e-type=\"widget\" data-widget_type=\"text-editor.default\">\n\t\t\t\t\t\t\t\t\t<h5><span class=\"espH\">Merci de lire avec attention les diff\u00e9rentes modalit\u00e9s d\u2019utilisation du pr\u00e9sent site avant d\u2019y parcourir ses pages. En vous connectant sur ce site, vous acceptez, sans r\u00e9serves, les pr\u00e9sentes modalit\u00e9s.<\/span><\/h5><h5 class=\"esp-h\">Aussi, conform\u00e9ment \u00e0 l\u2019article n\u00b06 de la Loi n\u00b02004-575 du 21 Juin 2004 pour la confiance dans l\u2019\u00e9conomie num\u00e9rique, les responsables du pr\u00e9sent site internet www.port-la-nouvelle.com sont :<\/h5>\t\t\t\t\t\t\t\t<\/div>\n\t\t\t\t<\/div>\n\t\t\t\t\t<\/div>\n\t\t\t\t<\/div>\n\t\t<div class=\"elementor-element elementor-element-c5c5102 e-flex e-con-boxed e-con e-parent\" data-id=\"c5c5102\" data-element_type=\"container\" data-e-type=\"container\">\n\t\t\t\t\t<div class=\"e-con-inner\">\n\t\t\t\t<div class=\"elementor-element elementor-element-8153b32 elementor-widget elementor-widget-text-editor\" data-id=\"8153b32\" data-element_type=\"widget\" data-e-type=\"widget\" data-widget_type=\"text-editor.default\">\n\t\t\t\t\t\t\t\t\t<h4 class=\"txt_bold esp-h\">\u00c9diteur du Site :<\/h4><p class=\"esp-h\"><strong>Port de Commerce de Port-La Nouvelle<\/strong><br \/><strong>115 avenue Adolphe Turrel<\/strong><br \/><strong>11210 PORT LA NOUVELLE<\/strong><br \/><strong>France<\/strong><\/p><p>Tel : + 33 (0) 4 68 48 01 56<br \/>VAT : FR77 894 79 59 54<br \/>Company registration : 894 795 954<\/p><p>Responsable \u00e9ditorial : Yann Wickers<br \/>T\u00e9l\u00e9phone : +33 (0) 4 68 48 01 56<br \/>Email : yann.wickers@pln-port.com<br \/>Site Web : www.port-la-nouvelle.com<\/p><h4 class=\"txt_bold esp-h\">H\u00e9bergement :<\/h4><p class=\"esp-h\">H\u00e9bergeur : OVH<br \/>RCS Lille M\u00e9tropole 424 761 419 00045<br \/>Code APE 2620Z<br \/>N\u00b0 TVA : FR 22 424 761 419<br \/>Si\u00e8ge social : 2 rue Kellermann \u2013 59100 Roubaix \u2013 France<br \/>Site Web : <a href=\"https:\/\/www.ovh.com\" target=\"_Blank\" rel=\"noopener\">www.ovh.com<\/a><\/p><h4 class=\"txt_bold esp-h\">D\u00e9veloppement :<\/h4><p class=\"esp-h\">CYRIL FIORIO<br \/>Site Web : <a href=\"https:\/\/www.webmaster-independant.com\" target=\"_Blank\" rel=\"noopener\">www.webmaster-independant.com<\/a><br \/>Email : <a href=\"https:\/\/www.port-la-nouvelle.com\/eng\/mentions-legales\/contact@webmaster-independant.com\/\">contact@webmaster-independant.com<\/a><\/p><h4 class=\"txt_bold esp-h\">Conditions d\u2019utilisation :<\/h4><p class=\"esp-h\">Ce site (www.port-la-nouvelle.com) est propos\u00e9 en diff\u00e9rents langages web (HTML, HTML5, Javascript, CSS, etc\u2026) pour un meilleur confort d\u2019utilisation et un graphisme plus agr\u00e9able.<\/p><p class=\"esp-h\">Nous vous recommandons de recourir \u00e0 des navigateurs modernes comme Internet explorer, Safari, Firefox, Google Chrome, etc\u2026<\/p><p class=\"esp-h\">Port-La Nouvelle met en \u0153uvre tous les moyens dont elle dispose, pour assurer une information fiable et une mise \u00e0 jour fiable de son site.<\/p><p class=\"esp-h\">Toutefois, des erreurs ou omissions peuvent survenir. L\u2019internaute devra donc s\u2019assurer de l\u2019exactitude des informations aupr\u00e8s de Port-La Nouvelle , et signaler toutes modifications du site qu\u2019il jugerait utile. Port-La Nouvelle n\u2019est en aucun cas responsable de l\u2019utilisation faite de ces informations, et de tout pr\u00e9judice direct ou indirect pouvant en d\u00e9couler.<\/p><p class=\"esp-h\"><strong><span class=\"txt_bold\">Cookies :<\/span><\/strong> Le site www.port-la-nouvelle.com peut-\u00eatre amen\u00e9 \u00e0 vous demander l\u2019acceptation des cookies pour des besoins de statistiques et d\u2019affichage. Un cookie est une information d\u00e9pos\u00e9e sur votre disque dur par le serveur du site que vous visitez.<\/p><p>Il contient plusieurs donn\u00e9es qui sont stock\u00e9es sur votre ordinateur dans un simple fichier texte auquel un serveur acc\u00e8de pour lire et enregistrer des informations .<\/p><p class=\"esp-h\"><strong><span class=\"txt_bold\">Liens hypertextes :<\/span><\/strong> Port-La Nouvelle peut offrir des liens vers d\u2019autres sites internet ou d\u2019autres ressources disponibles sur Internet. Port-La Nouvelle ne dispose d\u2019aucun moyen pour contr\u00f4ler ses sites tiers.<\/p><p class=\"esp-h\">Port-La Nouvelle ne r\u00e9pond pas de la disponibilit\u00e9 de tels sites et sources externes, ni ne la garantit. Elle ne peut \u00eatre tenue pour responsable de tout dommage, de quelque nature que ce soit, r\u00e9sultant du contenu de ces sites ou sources externes, et notamment des informations, produits ou services qu\u2019ils proposent, ou de tout usage qui peut \u00eatre fait de ces \u00e9l\u00e9ments. Les risques li\u00e9s \u00e0 cette utilisation incombent pleinement \u00e0 l\u2019internaute, qui doit se conformer \u00e0 leurs conditions d\u2019utilisation.<\/p><p class=\"txt_boldesp-h\">Services fournis :<\/p><p class=\"esp-h\">L\u2019ensemble des activit\u00e9s de la soci\u00e9t\u00e9 ainsi que ses informations sont pr\u00e9sent\u00e9s sur notre site www.port-la-nouvelle.com<\/p><p class=\"esp-h\">Port-La Nouvelle s\u2019efforce de fournir sur le site www.port-la-nouvelle.com des informations aussi pr\u00e9cises que possible. Les renseignements figurant sur le site www.port-la-nouvelle.com ne sont pas exhaustifs et les photos non contractuelles.<\/p><p class=\"esp-h\">Ils sont donn\u00e9s sous r\u00e9serve de modifications ayant \u00e9t\u00e9 apport\u00e9es depuis leur mise en ligne. Par ailleurs, tous les informations indiqu\u00e9es sur le site <a href=\"http:\/\/www.port-la-nouvelle.com\/eng\/\"> www.port-la-nouvelle.com<\/a> sont donn\u00e9es \u00e0 titre indicatif, et sont susceptibles de changer ou d\u2019\u00e9voluer sans pr\u00e9avis.<\/p><h4 class=\"txt_bold esp-h\">Limitation contractuelles sur les donn\u00e9es :<\/h4><p class=\"esp-h\">Les informations contenues sur ce site sont aussi pr\u00e9cises que possible et le site remis \u00e0 jour \u00e0 diff\u00e9rentes p\u00e9riodes de l\u2019ann\u00e9e, mais peut toutefois contenir des inexactitudes ou des omissions.<\/p><p class=\"esp-h\">Si vous constatez une lacune, erreur ou ce qui parait \u00eatre un dysfonctionnement, merci de bien vouloir le signaler par courriel, \u00e0 l\u2019adresse commercial@pln-port.com, en d\u00e9crivant le probl\u00e8me de la mani\u00e8re la plus pr\u00e9cise possible (page posant probl\u00e8me, type d\u2019ordinateur et de navigateur utilis\u00e9, \u2026).<\/p><p class=\"esp-h\">Tout contenu t\u00e9l\u00e9charg\u00e9 se fait aux risques et p\u00e9rils de l\u2019utilisateur et sous sa seule responsabilit\u00e9. En cons\u00e9quence, ne saurait \u00eatre tenu responsable d\u2019un quelconque dommage subi par l\u2019ordinateur de l\u2019utilisateur ou d\u2019une quelconque perte de donn\u00e9es cons\u00e9cutives au t\u00e9l\u00e9chargement.<\/p><p class=\"esp-h\">De plus, l\u2019utilisateur du site s\u2019engage \u00e0 acc\u00e9der au site en utilisant un mat\u00e9riel r\u00e9cent, ne contenant pas de virus et avec un navigateur de derni\u00e8re g\u00e9n\u00e9ration mis-\u00e0-jour.<\/p><p class=\"esp-h\">Les liens hypertextes mis en place dans le cadre du pr\u00e9sent site internet en direction d\u2019autres ressources pr\u00e9sentes sur le r\u00e9seau Internet ne sauraient engager la responsabilit\u00e9 de Port-La Nouvelle.<\/p><h4 class=\"txt_bold esp-h\">Propri\u00e9t\u00e9 intellectuelle :<\/h4><p class=\"esp-h\">Tout le contenu du pr\u00e9sent site www.port-la-nouvelle.com, incluant, de fa\u00e7on non limitative, les graphismes, images, textes, vid\u00e9os, animations, sons, logos, gifs et ic\u00f4nes ainsi que leur mise en forme sont la propri\u00e9t\u00e9 exclusive de la soci\u00e9t\u00e9 \u00e0 l\u2019exception des marques, logos ou contenus appartenant \u00e0 d\u2019autres soci\u00e9t\u00e9s partenaires ou auteurs.<\/p><p class=\"esp-h\">Toute reproduction, distribution, modification, adaptation, retransmission ou publication, m\u00eame partielle, de ces diff\u00e9rents \u00e9l\u00e9ments est strictement interdite sans l\u2019accord expr\u00e8s par \u00e9crit de Port-La Nouvelle. Cette repr\u00e9sentation ou reproduction, par quelque proc\u00e9d\u00e9 que ce soit, constitue une contrefa\u00e7on sanctionn\u00e9e par les articles L.335-2 et suivants du Code de la propri\u00e9t\u00e9 intellectuelle. Le non-respect de cette interdiction constitue une contrefa\u00e7on pouvant engager la responsabilit\u00e9 civile et p\u00e9nale du contrefacteur. En outre, les propri\u00e9taires des Contenus copi\u00e9s pourraient intenter une action en justice \u00e0 votre encontre.<\/p><h4 class=\"txt_bold esp-h\">Litiges :<\/h4><p>Les pr\u00e9sentes conditions du site www.port-la-nouvelle.com sont r\u00e9gies par les lois fran\u00e7aises et toute contestation ou litiges qui pourraient na\u00eetre de l\u2019interpr\u00e9tation ou de l\u2019ex\u00e9cution de celles-ci seront de la comp\u00e9tence exclusive des tribunaux dont d\u00e9pend le si\u00e8ge social de la soci\u00e9t\u00e9. La langue de r\u00e9f\u00e9rence, pour le r\u00e8glement de contentieux \u00e9ventuels, est le fran\u00e7ais.<\/p><h4 class=\"txt_bold esp-h\">Donn\u00e9es personnelles :<\/h4><p class=\"esp-h\">Notre site internet ne collecte aucunes donn\u00e9es personnelles.<br \/><br \/><br \/><strong>site web r\u00e9alis\u00e9 par <span style=\"text-decoration: underline;\"><a href=\"http:\/\/doppiavu.be\" target=\"_blank\" rel=\"noopener\">doppiavu.be<\/a><\/span><\/strong><\/p><p>\u00a0<\/p>\t\t\t\t\t\t\t\t<\/div>\n\t\t\t\t\t<\/div>\n\t\t\t\t<\/div>\n\t\t\t\t<\/div>","protected":false},"excerpt":{"rendered":"<p>Mentions L\u00e9gales Merci de lire avec attention les diff\u00e9rentes modalit\u00e9s d\u2019utilisation du pr\u00e9sent site avant d\u2019y parcourir ses pages. En vous connectant sur ce site, vous acceptez, sans r\u00e9serves, les pr\u00e9sentes modalit\u00e9s. Aussi, conform\u00e9ment \u00e0 l\u2019article n\u00b06 de la Loi n\u00b02004-575 du 21 Juin 2004 pour la confiance dans l\u2019\u00e9conomie num\u00e9rique, les responsables du pr\u00e9sent [&hellip;]<\/p>\n","protected":false},"author":1,"featured_media":0,"parent":0,"menu_order":0,"comment_status":"closed","ping_status":"closed","template":"","meta":{"footnotes":""},"class_list":["post-828","page","type-page","status-publish","hentry"],"_links":{"self":[{"href":"https:\/\/www.port-la-nouvelle.com\/eng\/wp-json\/wp\/v2\/pages\/828","targetHints":{"allow":["GET"]}}],"collection":[{"href":"https:\/\/www.port-la-nouvelle.com\/eng\/wp-json\/wp\/v2\/pages"}],"about":[{"href":"https:\/\/www.port-la-nouvelle.com\/eng\/wp-json\/wp\/v2\/types\/page"}],"author":[{"embeddable":true,"href":"https:\/\/www.port-la-nouvelle.com\/eng\/wp-json\/wp\/v2\/users\/1"}],"replies":[{"embeddable":true,"href":"https:\/\/www.port-la-nouvelle.com\/eng\/wp-json\/wp\/v2\/comments?post=828"}],"version-history":[{"count":4,"href":"https:\/\/www.port-la-nouvelle.com\/eng\/wp-json\/wp\/v2\/pages\/828\/revisions"}],"predecessor-version":[{"id":833,"href":"https:\/\/www.port-la-nouvelle.com\/eng\/wp-json\/wp\/v2\/pages\/828\/revisions\/833"}],"wp:attachment":[{"href":"https:\/\/www.port-la-nouvelle.com\/eng\/wp-json\/wp\/v2\/media?parent=828"}],"curies":[{"name":"wp","href":"https:\/\/api.w.org\/{rel}","templated":true}]}}