{"id":30,"date":"2025-08-12T06:57:11","date_gmt":"2025-08-12T06:57:11","guid":{"rendered":"https:\/\/port-la-nouvelle.joinup.be\/?page_id=30"},"modified":"2025-10-13T18:44:37","modified_gmt":"2025-10-13T18:44:37","slug":"actualites","status":"publish","type":"page","link":"https:\/\/www.port-la-nouvelle.com\/eng\/actualites\/","title":{"rendered":"News"},"content":{"rendered":"\t\t<div data-elementor-type=\"wp-page\" data-elementor-id=\"30\" class=\"elementor elementor-30\" data-elementor-post-type=\"page\">\n\t\t\t\t<div class=\"elementor-element elementor-element-8596ef8 e-flex e-con-boxed e-con e-parent\" data-id=\"8596ef8\" data-element_type=\"container\" data-e-type=\"container\">\n\t\t\t\t\t<div class=\"e-con-inner\">\n\t\t\t\t<div class=\"elementor-element elementor-element-10d4190 elementor-widget elementor-widget-shortcode\" data-id=\"10d4190\" data-element_type=\"widget\" data-e-type=\"widget\" data-widget_type=\"shortcode.default\">\n\t\t\t\t\t\t\t<div class=\"elementor-shortcode\"><nav aria-label=\"breadcrumbs\" class=\"rank-math-breadcrumb\"><p><span class=\"last\">Home<\/span><\/p><\/nav><\/div>\n\t\t\t\t\t\t<\/div>\n\t\t\t\t\t<\/div>\n\t\t\t\t<\/div>\n\t\t<div class=\"elementor-element elementor-element-425a642 e-flex e-con-boxed e-con e-parent\" data-id=\"425a642\" data-element_type=\"container\" data-e-type=\"container\">\n\t\t\t\t\t<div class=\"e-con-inner\">\n\t\t<div class=\"elementor-element elementor-element-04cea38 e-con-full e-flex e-con e-child\" data-id=\"04cea38\" data-element_type=\"container\" data-e-type=\"container\" data-settings=\"{&quot;background_background&quot;:&quot;classic&quot;}\">\n\t\t\t\t<\/div>\n\t\t\t\t\t<\/div>\n\t\t\t\t<\/div>\n\t\t<div class=\"elementor-element elementor-element-5267541 e-flex e-con-boxed e-con e-parent\" data-id=\"5267541\" data-element_type=\"container\" data-e-type=\"container\">\n\t\t\t\t\t<div class=\"e-con-inner\">\n\t\t<div class=\"elementor-element elementor-element-75566c1 e-con-full e-flex e-con e-child\" data-id=\"75566c1\" data-element_type=\"container\" data-e-type=\"container\">\n\t\t\t\t<\/div>\n\t\t<div class=\"elementor-element elementor-element-511b9ab e-con-full e-flex elementor-invisible e-con e-child\" data-id=\"511b9ab\" data-element_type=\"container\" data-e-type=\"container\" data-settings=\"{&quot;background_background&quot;:&quot;classic&quot;,&quot;animation&quot;:&quot;slideInUp&quot;}\">\n\t\t\t\t<div class=\"elementor-element elementor-element-5a5f2e3 elementor-view-default elementor-widget elementor-widget-icon\" data-id=\"5a5f2e3\" data-element_type=\"widget\" data-e-type=\"widget\" data-widget_type=\"icon.default\">\n\t\t\t\t\t\t\t<div class=\"elementor-icon-wrapper\">\n\t\t\t<div class=\"elementor-icon\">\n\t\t\t<svg xmlns=\"http:\/\/www.w3.org\/2000\/svg\" width=\"65\" height=\"65\" viewBox=\"0 0 65 65\" fill=\"none\"><path d=\"M45.8578 14.1082C45.8578 12.6789 45.8003 12.0059 45.4188 11.5528C45.0739 11.143 44.1253 10.579 41.2268 10.5789C36.279 10.5789 20.4833 10.8587 12.904 10.7519C11.5459 10.7525 10.7837 11.1675 10.3411 11.6686C9.87246 12.1994 9.59322 13.0187 9.59322 14.1082V50.2303C9.59322 50.9173 9.82693 51.9935 10.5066 52.8663C11.1399 53.6796 12.2374 54.4211 14.2242 54.4211H47.0126C46.2574 53.3192 45.8578 51.9073 45.8578 50.2303V14.1082ZM31.0177 45.7171V48.2961H17.1872V45.7171H31.0177ZM37.9329 36.6908V39.2697H17.1872V36.6908H37.9329ZM37.9329 27.9868V30.5658H17.1872V27.9868H37.9329ZM48.451 50.2303C48.451 51.884 48.9511 52.8802 49.5872 53.4724C50.2402 54.08 51.2067 54.4209 52.4219 54.4211C53.5492 54.4211 54.2006 54.0603 54.6167 53.5144C55.0816 52.9041 55.4068 51.8609 55.4068 50.2303V19.2829H58V50.2303C58 52.1281 57.6339 53.8249 56.6831 55.0725C55.6832 56.3844 54.1924 57 52.4219 57H14.2242C11.4691 57 9.60186 55.9147 8.457 54.4446C7.35863 53.034 7 51.3699 7 50.2303V14.1082C7 12.6189 7.37984 11.1151 8.39284 9.96779C9.4318 8.79123 10.9743 8.17294 12.9073 8.17294H12.9259C20.5006 8.28038 36.1536 8 41.2268 8C44.255 8.00005 46.2708 8.54688 47.4076 9.89727C48.5079 11.2044 48.451 12.9416 48.451 14.1082V50.2303Z\" fill=\"#25307E\"><\/path><\/svg>\t\t\t<\/div>\n\t\t<\/div>\n\t\t\t\t\t\t<\/div>\n\t\t\t\t<\/div>\n\t\t<div class=\"elementor-element elementor-element-be7dbc9 e-con-full e-flex e-con e-child\" data-id=\"be7dbc9\" data-element_type=\"container\" data-e-type=\"container\">\n\t\t\t\t<\/div>\n\t\t\t\t\t<\/div>\n\t\t\t\t<\/div>\n\t\t<div class=\"elementor-element elementor-element-5694ae6 e-flex e-con-boxed e-con e-parent\" data-id=\"5694ae6\" data-element_type=\"container\" data-e-type=\"container\">\n\t\t\t\t\t<div class=\"e-con-inner\">\n\t\t<div class=\"elementor-element elementor-element-be97cbd e-con-full e-flex e-con e-child\" data-id=\"be97cbd\" data-element_type=\"container\" data-e-type=\"container\">\n\t\t\t\t<div class=\"elementor-element elementor-element-b49fafc elementor-widget__width-initial elementor-widget elementor-widget-heading\" data-id=\"b49fafc\" data-element_type=\"widget\" data-e-type=\"widget\" data-widget_type=\"heading.default\">\n\t\t\t\t\t<h1 class=\"elementor-heading-title elementor-size-default\">Actualit\u00e9s<\/h1>\t\t\t\t<\/div>\n\t\t\t\t<\/div>\n\t\t<div class=\"elementor-element elementor-element-1c0aa30 e-con-full e-flex e-con e-child\" data-id=\"1c0aa30\" data-element_type=\"container\" data-e-type=\"container\">\n\t\t\t\t<div class=\"elementor-element elementor-element-4aafa83 elementor-widget elementor-widget-text-editor\" data-id=\"4aafa83\" data-element_type=\"widget\" data-e-type=\"widget\" data-widget_type=\"text-editor.default\">\n\t\t\t\t\t\t\t\t\t<h5>Consultez notre page d\u2019actualit\u00e9s pour rester inform\u00e9 sur Port-La Nouvelle.<\/h5>\t\t\t\t\t\t\t\t<\/div>\n\t\t\t\t<\/div>\n\t\t\t\t\t<\/div>\n\t\t\t\t<\/div>\n\t\t<div class=\"elementor-element elementor-element-741e073 e-flex e-con-boxed e-con e-parent\" data-id=\"741e073\" data-element_type=\"container\" data-e-type=\"container\">\n\t\t\t\t\t<div class=\"e-con-inner\">\n\t\t\t\t<div class=\"elementor-element elementor-element-a0681be elementor-widget-divider--view-line elementor-widget elementor-widget-divider\" data-id=\"a0681be\" data-element_type=\"widget\" data-e-type=\"widget\" data-widget_type=\"divider.default\">\n\t\t\t\t\t\t\t<div class=\"elementor-divider\">\n\t\t\t<span class=\"elementor-divider-separator\">\n\t\t\t\t\t\t<\/span>\n\t\t<\/div>\n\t\t\t\t\t\t<\/div>\n\t\t\t\t\t<\/div>\n\t\t\t\t<\/div>\n\t\t<div class=\"elementor-element elementor-element-45fe452 e-flex e-con-boxed e-con e-parent\" data-id=\"45fe452\" data-element_type=\"container\" data-e-type=\"container\">\n\t\t\t\t\t<div class=\"e-con-inner\">\n\t\t\t\t<div class=\"elementor-element elementor-element-4294073 elementor-grid-3 elementor-grid-tablet-2 elementor-grid-mobile-1 elementor-widget elementor-widget-loop-grid\" data-id=\"4294073\" data-element_type=\"widget\" data-e-type=\"widget\" data-settings=\"{&quot;template_id&quot;:&quot;622&quot;,&quot;_skin&quot;:&quot;post&quot;,&quot;columns&quot;:&quot;3&quot;,&quot;columns_tablet&quot;:&quot;2&quot;,&quot;columns_mobile&quot;:&quot;1&quot;,&quot;edit_handle_selector&quot;:&quot;[data-elementor-type=\\&quot;loop-item\\&quot;]&quot;,&quot;row_gap&quot;:{&quot;unit&quot;:&quot;px&quot;,&quot;size&quot;:&quot;&quot;,&quot;sizes&quot;:[]},&quot;row_gap_tablet_extra&quot;:{&quot;unit&quot;:&quot;px&quot;,&quot;size&quot;:&quot;&quot;,&quot;sizes&quot;:[]},&quot;row_gap_tablet&quot;:{&quot;unit&quot;:&quot;px&quot;,&quot;size&quot;:&quot;&quot;,&quot;sizes&quot;:[]},&quot;row_gap_mobile&quot;:{&quot;unit&quot;:&quot;px&quot;,&quot;size&quot;:&quot;&quot;,&quot;sizes&quot;:[]}}\" data-widget_type=\"loop-grid.post\">\n\t\t\t\t<div class=\"elementor-widget-container\">\n\t\t\t\t\t\t\t<div class=\"elementor-loop-container elementor-grid\" role=\"list\">\n\t\t<style id=\"loop-dynamic-622\">.e-loop-item-636 .elementor-element.elementor-element-4c684a6:not(.elementor-motion-effects-element-type-background), .e-loop-item-636 .elementor-element.elementor-element-4c684a6 > .elementor-motion-effects-container > .elementor-motion-effects-layer{background-image:url(\"https:\/\/www.port-la-nouvelle.com\/wp-content\/uploads\/2025\/08\/eolien-LinkedIn.jpg\");}<\/style><style id=\"loop-622\">.elementor-622 .elementor-element.elementor-element-5687cfb{--display:flex;--gap:0px 0px;--row-gap:0px;--column-gap:0px;--border-radius:15px 15px 15px 15px;box-shadow:0px 2px 10px 0px rgba(0, 0, 0, 0.1);--margin-top:0px;--margin-bottom:0px;--margin-left:0px;--margin-right:0px;--padding-top:0px;--padding-bottom:0px;--padding-left:0px;--padding-right:0px;}.elementor-622 .elementor-element.elementor-element-4c684a6{--display:flex;--min-height:280px;--justify-content:center;--align-items:center;--container-widget-width:calc( ( 1 - var( --container-widget-flex-grow ) ) * 100% );border-style:solid;--border-style:solid;border-width:0px 0px 2px 0px;--border-top-width:0px;--border-right-width:0px;--border-bottom-width:2px;--border-left-width:0px;border-color:var( --e-global-color-0f5ba01 );--border-color:var( --e-global-color-0f5ba01 );--border-radius:15px 15px 0px 0px;--margin-top:0px;--margin-bottom:0px;--margin-left:0px;--margin-right:0px;--padding-top:0px;--padding-bottom:0px;--padding-left:0px;--padding-right:0px;}.elementor-622 .elementor-element.elementor-element-4c684a6:not(.elementor-motion-effects-element-type-background), .elementor-622 .elementor-element.elementor-element-4c684a6 > .elementor-motion-effects-container > .elementor-motion-effects-layer{background-position:center center;background-repeat:no-repeat;background-size:cover;}.elementor-622 .elementor-element.elementor-element-8cd070b{--display:flex;--gap:0px 0px;--row-gap:0px;--column-gap:0px;--padding-top:30px;--padding-bottom:30px;--padding-left:30px;--padding-right:30px;}.elementor-622 .elementor-element.elementor-element-0740969 .jet-listing-dynamic-field__content{font-size:14px;text-align:left;}.elementor-622 .elementor-element.elementor-element-0740969 .jet-listing-dynamic-field .jet-listing-dynamic-field__inline-wrap{width:auto;}.elementor-622 .elementor-element.elementor-element-0740969 .jet-listing-dynamic-field .jet-listing-dynamic-field__content{width:auto;}.elementor-622 .elementor-element.elementor-element-0740969 .jet-listing-dynamic-field{justify-content:flex-start;}.elementor-622 .elementor-element.elementor-element-5bb334a .jet-listing-dynamic-field .jet-listing-dynamic-field__inline-wrap{width:auto;}.elementor-622 .elementor-element.elementor-element-5bb334a .jet-listing-dynamic-field .jet-listing-dynamic-field__content{width:auto;}.elementor-622 .elementor-element.elementor-element-5bb334a .jet-listing-dynamic-field{justify-content:flex-start;}.elementor-622 .elementor-element.elementor-element-5bb334a .jet-listing-dynamic-field__content{text-align:left;}.elementor-622 .elementor-element.elementor-element-8094352 .jet-listing-dynamic-field .jet-listing-dynamic-field__inline-wrap{width:auto;}.elementor-622 .elementor-element.elementor-element-8094352 .jet-listing-dynamic-field .jet-listing-dynamic-field__content{width:auto;}.elementor-622 .elementor-element.elementor-element-8094352 .jet-listing-dynamic-field{justify-content:flex-start;}.elementor-622 .elementor-element.elementor-element-8094352 .jet-listing-dynamic-field__content{text-align:left;}.elementor-622 .elementor-element.elementor-element-df71ecd .jet-listing-dynamic-link__link{align-self:flex-start;text-transform:uppercase;flex-direction:row;}.elementor-622 .elementor-element.elementor-element-df71ecd .jet-listing-dynamic-link__icon{order:3;}body:not(.rtl) .elementor-622 .elementor-element.elementor-element-df71ecd .jet-listing-dynamic-link__icon{margin-left:15px;}body.rtl .elementor-622 .elementor-element.elementor-element-df71ecd .jet-listing-dynamic-link__icon{margin-right:15px;}.elementor-622 .elementor-element.elementor-element-df71ecd{margin:30px 0px calc(var(--kit-widget-spacing, 0px) + 0px) 0px;}\/* Start custom CSS for jet-listing-dynamic-link, class: .elementor-element-df71ecd *\/.elementor-622 .elementor-element.elementor-element-df71ecd:hover {\n    opacity: 0.5;\n}\/* End custom CSS *\/<\/style>\t\t<div data-elementor-type=\"loop-item\" data-elementor-id=\"622\" class=\"elementor elementor-622 e-loop-item e-loop-item-636 post-636 actualites-linkedin type-actualites-linkedin status-publish hentry\" data-elementor-post-type=\"elementor_library\" data-custom-edit-handle=\"1\">\n\t\t\t<div class=\"elementor-element elementor-element-5687cfb e-flex e-con-boxed e-con e-parent\" data-id=\"5687cfb\" data-element_type=\"container\" data-e-type=\"container\">\n\t\t\t\t\t<div class=\"e-con-inner\">\n\t\t<a class=\"elementor-element elementor-element-4c684a6 e-con-full e-flex e-con e-child\" data-id=\"4c684a6\" data-element_type=\"container\" data-e-type=\"container\" data-settings=\"{&quot;background_background&quot;:&quot;classic&quot;}\" href=\"https:\/\/www.linkedin.com\/posts\/port-of-port-la-nouvelle_portofportlanouvelle-realisingopportunity-activity-7358492708706914304-ERaE?utm_source=share&#038;utm_medium=member_desktop&#038;rcm=ACoAADKuClEBA2YjPuk2iz1aKEZ8jrSvzmpwEOs\" target=\"_blank\" rel=\"noopener\">\n\t\t\t\t<\/a>\n\t\t<div class=\"elementor-element elementor-element-8cd070b e-con-full e-flex e-con e-child\" data-id=\"8cd070b\" data-element_type=\"container\" data-e-type=\"container\">\n\t\t\t\t<div class=\"elementor-element elementor-element-0740969 elementor-widget elementor-widget-jet-listing-dynamic-field\" data-id=\"0740969\" data-element_type=\"widget\" data-e-type=\"widget\" data-widget_type=\"jet-listing-dynamic-field.default\">\n\t\t\t\t\t<div class=\"jet-listing jet-listing-dynamic-field display-inline\"><div class=\"jet-listing-dynamic-field__inline-wrap\"><div class=\"jet-listing-dynamic-field__content\" >ao\u00fbt 2025<\/div><\/div><\/div>\t\t\t\t<\/div>\n\t\t\t\t<div class=\"elementor-element elementor-element-5bb334a elementor-widget elementor-widget-jet-listing-dynamic-field\" data-id=\"5bb334a\" data-element_type=\"widget\" data-e-type=\"widget\" data-widget_type=\"jet-listing-dynamic-field.default\">\n\t\t\t\t\t<div class=\"jet-listing jet-listing-dynamic-field display-inline\"><div class=\"jet-listing-dynamic-field__inline-wrap\"><h5 class=\"jet-listing-dynamic-field__content\" >Cap vers le large pour la premi\u00e8re \u00e9olienne flottante d\u2019EFGL !<\/h5><\/div><\/div>\t\t\t\t<\/div>\n\t\t\t\t<div class=\"elementor-element elementor-element-8094352 elementor-widget elementor-widget-jet-listing-dynamic-field\" data-id=\"8094352\" data-element_type=\"widget\" data-e-type=\"widget\" data-widget_type=\"jet-listing-dynamic-field.default\">\n\t\t\t\t\t<div class=\"jet-listing jet-listing-dynamic-field display-inline\"><div class=\"jet-listing-dynamic-field__inline-wrap\"><div class=\"jet-listing-dynamic-field__content\" >\ud83d\udcc5 Le 20 juillet marque une \u00e9tape cl\u00e9 : la premi\u00e8re des trois \u00e9oliennes flottantes du parc pilote \u00c9oliennes Flottantes du Golfe du Lion (EFGL) a quitt\u00e9 Port of Port-La Nouvelle pour rejoindre sa zone d\u2019installation, situ\u00e9e \u00e0 16 km au large entre Leucate et Le Barcar\u00e8s...<\/div><\/div><\/div>\t\t\t\t<\/div>\n\t\t\t\t<div class=\"elementor-element elementor-element-df71ecd elementor-widget elementor-widget-jet-listing-dynamic-link\" data-id=\"df71ecd\" data-element_type=\"widget\" data-e-type=\"widget\" data-widget_type=\"jet-listing-dynamic-link.default\">\n\t\t\t\t\t<div class=\"jet-listing jet-listing-dynamic-link\"><a href=\"https:\/\/www.linkedin.com\/posts\/port-of-port-la-nouvelle_portofportlanouvelle-realisingopportunity-activity-7358492708706914304-ERaE?utm_source=share&amp;utm_medium=member_desktop&amp;rcm=ACoAADKuClEBA2YjPuk2iz1aKEZ8jrSvzmpwEOs\" class=\"jet-listing-dynamic-link__link\" target=\"_blank\" rel=\"noopener\"><div class=\"jet-listing-dynamic-link__icon is-svg-icon\"><svg xmlns=\"http:\/\/www.w3.org\/2000\/svg\" width=\"14\" height=\"13\" viewBox=\"0 0 14 13\" fill=\"none\"><path d=\"M12.75 11.5C12.75 11.9142 12.4142 12.25 12 12.25C11.5858 12.25 11.25 11.9142 11.25 11.5V3.6377L1.49023 12.0674C1.17679 12.3381 0.703374 12.3036 0.432617 11.9902C0.161916 11.6768 0.196397 11.2034 0.509766 10.9326L9.98438 2.75H1C0.585786 2.75 0.25 2.41421 0.25 2C0.25 1.58579 0.585786 1.25 1 1.25H12C12.4142 1.25 12.75 1.58579 12.75 2V11.5Z\" fill=\"#25307E\"><\/path><\/svg><\/div><span class=\"jet-listing-dynamic-link__label\">Lire la suite\u202f<\/span><\/a><\/div>\t\t\t\t<\/div>\n\t\t\t\t<\/div>\n\t\t\t\t\t<\/div>\n\t\t\t\t<\/div>\n\t\t\t\t<\/div>\n\t\t<style id=\"loop-dynamic-622\">.e-loop-item-615 .elementor-element.elementor-element-4c684a6:not(.elementor-motion-effects-element-type-background), .e-loop-item-615 .elementor-element.elementor-element-4c684a6 > .elementor-motion-effects-container > .elementor-motion-effects-layer{background-image:url(\"https:\/\/www.port-la-nouvelle.com\/wp-content\/uploads\/2025\/08\/ISO.jpg\");}<\/style>\t\t<div data-elementor-type=\"loop-item\" data-elementor-id=\"622\" class=\"elementor elementor-622 e-loop-item e-loop-item-615 post-615 actualites-linkedin type-actualites-linkedin status-publish hentry\" data-elementor-post-type=\"elementor_library\" data-custom-edit-handle=\"1\">\n\t\t\t<div class=\"elementor-element elementor-element-5687cfb e-flex e-con-boxed e-con e-parent\" data-id=\"5687cfb\" data-element_type=\"container\" data-e-type=\"container\">\n\t\t\t\t\t<div class=\"e-con-inner\">\n\t\t<a class=\"elementor-element elementor-element-4c684a6 e-con-full e-flex e-con e-child\" data-id=\"4c684a6\" data-element_type=\"container\" data-e-type=\"container\" data-settings=\"{&quot;background_background&quot;:&quot;classic&quot;}\" href=\"https:\/\/www.linkedin.com\/posts\/port-of-port-la-nouvelle_iso-iso14001-portofportlanouvelle-activity-7360931816364503040-pB-Y?utm_source=share&#038;utm_medium=member_desktop&#038;rcm=ACoAADKuClEBA2YjPuk2iz1aKEZ8jrSvzmpwEOs\" target=\"_blank\" rel=\"noopener\">\n\t\t\t\t<\/a>\n\t\t<div class=\"elementor-element elementor-element-8cd070b e-con-full e-flex e-con e-child\" data-id=\"8cd070b\" data-element_type=\"container\" data-e-type=\"container\">\n\t\t\t\t<div class=\"elementor-element elementor-element-0740969 elementor-widget elementor-widget-jet-listing-dynamic-field\" data-id=\"0740969\" data-element_type=\"widget\" data-e-type=\"widget\" data-widget_type=\"jet-listing-dynamic-field.default\">\n\t\t\t\t\t<div class=\"jet-listing jet-listing-dynamic-field display-inline\"><div class=\"jet-listing-dynamic-field__inline-wrap\"><div class=\"jet-listing-dynamic-field__content\" >12 ao\u00fbt 2025<\/div><\/div><\/div>\t\t\t\t<\/div>\n\t\t\t\t<div class=\"elementor-element elementor-element-5bb334a elementor-widget elementor-widget-jet-listing-dynamic-field\" data-id=\"5bb334a\" data-element_type=\"widget\" data-e-type=\"widget\" data-widget_type=\"jet-listing-dynamic-field.default\">\n\t\t\t\t\t<div class=\"jet-listing jet-listing-dynamic-field display-inline\"><div class=\"jet-listing-dynamic-field__inline-wrap\"><h5 class=\"jet-listing-dynamic-field__content\" >Port of Port-La Nouvelle est certifi\u00e9 ISO 14001 !<\/h5><\/div><\/div>\t\t\t\t<\/div>\n\t\t\t\t<div class=\"elementor-element elementor-element-8094352 elementor-widget elementor-widget-jet-listing-dynamic-field\" data-id=\"8094352\" data-element_type=\"widget\" data-e-type=\"widget\" data-widget_type=\"jet-listing-dynamic-field.default\">\n\t\t\t\t\t<div class=\"jet-listing jet-listing-dynamic-field display-inline\"><div class=\"jet-listing-dynamic-field__inline-wrap\"><div class=\"jet-listing-dynamic-field__content\" >\u2714\ufe0f Port of Port-La Nouvelle est certifi\u00e9 ISO 14001 ! <br><br>\r\n\r\n\ud83c\udf0a Port of Port-La Nouvelle vient d\u2019obtenir la certification de la norme internationale hashtag#ISO 14001 qui reconna\u00eet l\u2019efficacit\u00e9 de notre syst\u00e8me de management environnemental. Elle atteste que le port ma\u00eetrise ses...<\/div><\/div><\/div>\t\t\t\t<\/div>\n\t\t\t\t<div class=\"elementor-element elementor-element-df71ecd elementor-widget elementor-widget-jet-listing-dynamic-link\" data-id=\"df71ecd\" data-element_type=\"widget\" data-e-type=\"widget\" data-widget_type=\"jet-listing-dynamic-link.default\">\n\t\t\t\t\t<div class=\"jet-listing jet-listing-dynamic-link\"><a href=\"https:\/\/www.linkedin.com\/posts\/port-of-port-la-nouvelle_iso-iso14001-portofportlanouvelle-activity-7360931816364503040-pB-Y?utm_source=share&amp;utm_medium=member_desktop&amp;rcm=ACoAADKuClEBA2YjPuk2iz1aKEZ8jrSvzmpwEOs\" class=\"jet-listing-dynamic-link__link\" target=\"_blank\" rel=\"noopener\"><div class=\"jet-listing-dynamic-link__icon is-svg-icon\"><svg xmlns=\"http:\/\/www.w3.org\/2000\/svg\" width=\"14\" height=\"13\" viewBox=\"0 0 14 13\" fill=\"none\"><path d=\"M12.75 11.5C12.75 11.9142 12.4142 12.25 12 12.25C11.5858 12.25 11.25 11.9142 11.25 11.5V3.6377L1.49023 12.0674C1.17679 12.3381 0.703374 12.3036 0.432617 11.9902C0.161916 11.6768 0.196397 11.2034 0.509766 10.9326L9.98438 2.75H1C0.585786 2.75 0.25 2.41421 0.25 2C0.25 1.58579 0.585786 1.25 1 1.25H12C12.4142 1.25 12.75 1.58579 12.75 2V11.5Z\" fill=\"#25307E\"><\/path><\/svg><\/div><span class=\"jet-listing-dynamic-link__label\">Lire la suite\u202f<\/span><\/a><\/div>\t\t\t\t<\/div>\n\t\t\t\t<\/div>\n\t\t\t\t\t<\/div>\n\t\t\t\t<\/div>\n\t\t\t\t<\/div>\n\t\t\t\t<\/div>\n\t\t\n\t\t\t\t\t\t<\/div>\n\t\t\t\t<\/div>\n\t\t\t\t\t<\/div>\n\t\t\t\t<\/div>\n\t\t<div class=\"elementor-element elementor-element-fb6e500 e-flex e-con-boxed e-con e-parent\" data-id=\"fb6e500\" data-element_type=\"container\" data-e-type=\"container\" data-settings=\"{&quot;background_background&quot;:&quot;classic&quot;}\">\n\t\t\t\t\t<div class=\"e-con-inner\">\n\t\t\t\t<div class=\"elementor-element elementor-element-8fb056a elementor-widget elementor-widget-heading\" data-id=\"8fb056a\" data-element_type=\"widget\" data-e-type=\"widget\" data-widget_type=\"heading.default\">\n\t\t\t\t\t<h3 class=\"elementor-heading-title elementor-size-default\">Appel \u00e0 l'action <\/h3>\t\t\t\t<\/div>\n\t\t\t\t<div class=\"elementor-element elementor-element-6a83cf5 elementor-widget__width-initial elementor-widget elementor-widget-text-editor\" data-id=\"6a83cf5\" data-element_type=\"widget\" data-e-type=\"widget\" data-widget_type=\"text-editor.default\">\n\t\t\t\t\t\t\t\t\t<p>Pr\u00eat \u00e0 donner vie \u00e0 votre projet ? Contactez-nous d\u00e8s aujourd\u2019hui pour d\u00e9couvrir comment Port-La-Nouvelle peut \u00eatre votre partenaire strat\u00e9gique pour un avenir durable et performant.<\/p>\t\t\t\t\t\t\t\t<\/div>\n\t\t\t\t<div class=\"elementor-element elementor-element-343c617 elementor-align-center elementor-widget elementor-widget-button\" data-id=\"343c617\" data-element_type=\"widget\" data-e-type=\"widget\" data-widget_type=\"button.default\">\n\t\t\t\t\t\t\t\t\t\t<a class=\"elementor-button elementor-button-link elementor-size-sm\" href=\"https:\/\/www.port-la-nouvelle.com\/eng\/contact\/\">\n\t\t\t\t\t\t<span class=\"elementor-button-content-wrapper\">\n\t\t\t\t\t\t<span class=\"elementor-button-icon\">\n\t\t\t\t<svg xmlns=\"http:\/\/www.w3.org\/2000\/svg\" width=\"14\" height=\"13\" viewBox=\"0 0 14 13\" fill=\"none\"><path d=\"M12.75 11.5C12.75 11.9142 12.4142 12.25 12 12.25C11.5858 12.25 11.25 11.9142 11.25 11.5V3.6377L1.49023 12.0674C1.17679 12.3381 0.703374 12.3036 0.432617 11.9902C0.161916 11.6768 0.196397 11.2034 0.509766 10.9326L9.98438 2.75H1C0.585786 2.75 0.25 2.41421 0.25 2C0.25 1.58579 0.585786 1.25 1 1.25H12C12.4142 1.25 12.75 1.58579 12.75 2V11.5Z\" fill=\"white\"><\/path><\/svg>\t\t\t<\/span>\n\t\t\t\t\t\t\t\t\t<span class=\"elementor-button-text\">Contactez-nous<\/span>\n\t\t\t\t\t<\/span>\n\t\t\t\t\t<\/a>\n\t\t\t\t\t\t\t\t<\/div>\n\t\t\t\t\t<\/div>\n\t\t\t\t<\/div>\n\t\t\t\t<\/div>\n\t\t","protected":false},"excerpt":{"rendered":"<p>Actualit\u00e9s Consultez notre page d\u2019actualit\u00e9s pour rester inform\u00e9 sur Port-La Nouvelle. Appel \u00e0 l&rsquo;action Pr\u00eat \u00e0 donner vie \u00e0 votre projet ? Contactez-nous d\u00e8s aujourd\u2019hui pour d\u00e9couvrir comment Port-La-Nouvelle peut \u00eatre votre partenaire strat\u00e9gique pour un avenir durable et performant. Contactez-nous<\/p>","protected":false},"author":1,"featured_media":0,"parent":0,"menu_order":0,"comment_status":"closed","ping_status":"closed","template":"","meta":{"footnotes":""},"class_list":["post-30","page","type-page","status-publish","hentry"],"_links":{"self":[{"href":"https:\/\/www.port-la-nouvelle.com\/eng\/wp-json\/wp\/v2\/pages\/30","targetHints":{"allow":["GET"]}}],"collection":[{"href":"https:\/\/www.port-la-nouvelle.com\/eng\/wp-json\/wp\/v2\/pages"}],"about":[{"href":"https:\/\/www.port-la-nouvelle.com\/eng\/wp-json\/wp\/v2\/types\/page"}],"author":[{"embeddable":true,"href":"https:\/\/www.port-la-nouvelle.com\/eng\/wp-json\/wp\/v2\/users\/1"}],"replies":[{"embeddable":true,"href":"https:\/\/www.port-la-nouvelle.com\/eng\/wp-json\/wp\/v2\/comments?post=30"}],"version-history":[{"count":16,"href":"https:\/\/www.port-la-nouvelle.com\/eng\/wp-json\/wp\/v2\/pages\/30\/revisions"}],"predecessor-version":[{"id":1184,"href":"https:\/\/www.port-la-nouvelle.com\/eng\/wp-json\/wp\/v2\/pages\/30\/revisions\/1184"}],"wp:attachment":[{"href":"https:\/\/www.port-la-nouvelle.com\/eng\/wp-json\/wp\/v2\/media?parent=30"}],"curies":[{"name":"wp","href":"https:\/\/api.w.org\/{rel}","templated":true}]}}